{"id":104,"date":"2020-02-26T18:49:24","date_gmt":"2020-02-26T17:49:24","guid":{"rendered":"https:\/\/charlyblog.de\/?page_id=104"},"modified":"2022-05-29T18:56:15","modified_gmt":"2022-05-29T17:56:15","slug":"ich","status":"publish","type":"page","link":"https:\/\/charlyblog.de\/index.php\/fotographie\/ich\/","title":{"rendered":"Fotos, Tipps &#038; Co"},"content":{"rendered":"\n<p>Hallo Du,<\/p>\n\n\n\n<p>Jedes M\u00e4dchen tr\u00e4umt doch davon ein Model zu werden, deshalb ist GNTM auch so eine beliebte Sendung. Jeder schaut es doch heimlich, auch wenn es verrufen ist. Ich hatte fr\u00fcher \u00fcberhaut nicht diesen Traum, weil ich mich selber f\u00fcr unfotogen gehalten habe und lieber hinter als vor der Kamera stand. Jetzt stehe ich immer noch gerne hinter der Kamera, aber auch gerne vor der Kamera. Instagram ist mit daran Schuld. Ok von Schuld kann man nicht sprechen, jedenfalls habe ich mich weiter entwickelt vor der Kamera und manchmal kommt mir schon der heimliche Wunsch, doch noch zu modeln. Aber dieser Traum ist unrealistisch und deshalb beschr\u00e4nke ich mich auf Instagram, wo jeder aus meiner Familie mal den Fotografen spielen darf. Die machen das nat\u00fcrlich gerne, vor allem meine Mama, die ich dann als Gegenleistung auch fotografiere.<\/p>\n\n\n\n<div class=\"wp-block-group\"><div class=\"wp-block-group__inner-container is-layout-flow wp-block-group-is-layout-flow\">\n<figure class=\"wp-block-gallery has-nested-images columns-default is-cropped wp-block-gallery-1 is-layout-flex wp-block-gallery-is-layout-flex\">\n<figure class=\"wp-block-image size-large\"><img loading=\"lazy\" decoding=\"async\" width=\"1024\" height=\"1024\" src=\"https:\/\/charlyblog.de\/wp-content\/uploads\/2020\/08\/IMG_20200717_100652_378-1-1024x1024.jpg\" alt=\"\" class=\"wp-image-268\" srcset=\"https:\/\/charlyblog.de\/wp-content\/uploads\/2020\/08\/IMG_20200717_100652_378-1-1024x1024.jpg 1024w, https:\/\/charlyblog.de\/wp-content\/uploads\/2020\/08\/IMG_20200717_100652_378-1-300x300.jpg 300w, https:\/\/charlyblog.de\/wp-content\/uploads\/2020\/08\/IMG_20200717_100652_378-1-150x150.jpg 150w, https:\/\/charlyblog.de\/wp-content\/uploads\/2020\/08\/IMG_20200717_100652_378-1-768x768.jpg 768w, https:\/\/charlyblog.de\/wp-content\/uploads\/2020\/08\/IMG_20200717_100652_378-1-1536x1536.jpg 1536w, https:\/\/charlyblog.de\/wp-content\/uploads\/2020\/08\/IMG_20200717_100652_378-1-2048x2048.jpg 2048w, https:\/\/charlyblog.de\/wp-content\/uploads\/2020\/08\/IMG_20200717_100652_378-1-1240x1240.jpg 1240w, https:\/\/charlyblog.de\/wp-content\/uploads\/2020\/08\/IMG_20200717_100652_378-1-508x508.jpg 508w\" sizes=\"auto, (max-width: 1024px) 100vw, 1024px\" \/><\/figure>\n\n\n\n<figure class=\"wp-block-image size-large\"><img loading=\"lazy\" decoding=\"async\" width=\"1024\" height=\"768\" src=\"https:\/\/charlyblog.de\/wp-content\/uploads\/2020\/08\/IMG_20200716_120948-01-1-1024x768.jpeg\" alt=\"\" class=\"wp-image-269\" srcset=\"https:\/\/charlyblog.de\/wp-content\/uploads\/2020\/08\/IMG_20200716_120948-01-1-1024x768.jpeg 1024w, https:\/\/charlyblog.de\/wp-content\/uploads\/2020\/08\/IMG_20200716_120948-01-1-300x225.jpeg 300w, https:\/\/charlyblog.de\/wp-content\/uploads\/2020\/08\/IMG_20200716_120948-01-1-768x576.jpeg 768w, https:\/\/charlyblog.de\/wp-content\/uploads\/2020\/08\/IMG_20200716_120948-01-1-1536x1152.jpeg 1536w, https:\/\/charlyblog.de\/wp-content\/uploads\/2020\/08\/IMG_20200716_120948-01-1-2048x1536.jpeg 2048w, https:\/\/charlyblog.de\/wp-content\/uploads\/2020\/08\/IMG_20200716_120948-01-1-1240x930.jpeg 1240w, https:\/\/charlyblog.de\/wp-content\/uploads\/2020\/08\/IMG_20200716_120948-01-1-508x381.jpeg 508w\" sizes=\"auto, (max-width: 1024px) 100vw, 1024px\" \/><\/figure>\n<\/figure>\n<\/div><\/div>\n\n\n\n<figure class=\"wp-block-pullquote\"><blockquote><p>&#8222;Das bin ich und ich bleibe so wie ich bin&#8220;<\/p><cite>Charlotte Gl\u00e4ser<\/cite><\/blockquote><\/figure>\n\n\n\n<figure class=\"wp-block-gallery has-nested-images columns-default is-cropped wp-block-gallery-2 is-layout-flex wp-block-gallery-is-layout-flex\">\n<figure class=\"wp-block-image size-large\"><img loading=\"lazy\" decoding=\"async\" width=\"1024\" height=\"1024\" data-id=\"270\" src=\"https:\/\/charlyblog.de\/wp-content\/uploads\/2020\/08\/photo_2020-08-25_17-27-06-1-1024x1024.jpg\" alt=\"\" class=\"wp-image-270\" srcset=\"https:\/\/charlyblog.de\/wp-content\/uploads\/2020\/08\/photo_2020-08-25_17-27-06-1-1024x1024.jpg 1024w, https:\/\/charlyblog.de\/wp-content\/uploads\/2020\/08\/photo_2020-08-25_17-27-06-1-300x300.jpg 300w, https:\/\/charlyblog.de\/wp-content\/uploads\/2020\/08\/photo_2020-08-25_17-27-06-1-150x150.jpg 150w, https:\/\/charlyblog.de\/wp-content\/uploads\/2020\/08\/photo_2020-08-25_17-27-06-1-768x768.jpg 768w, https:\/\/charlyblog.de\/wp-content\/uploads\/2020\/08\/photo_2020-08-25_17-27-06-1-1240x1240.jpg 1240w, https:\/\/charlyblog.de\/wp-content\/uploads\/2020\/08\/photo_2020-08-25_17-27-06-1-508x508.jpg 508w, https:\/\/charlyblog.de\/wp-content\/uploads\/2020\/08\/photo_2020-08-25_17-27-06-1.jpg 1280w\" sizes=\"auto, (max-width: 1024px) 100vw, 1024px\" \/><figcaption>2018<\/figcaption><\/figure>\n\n\n\n<figure class=\"wp-block-image size-large\"><img loading=\"lazy\" decoding=\"async\" width=\"819\" height=\"1024\" data-id=\"271\" src=\"https:\/\/charlyblog.de\/wp-content\/uploads\/2020\/08\/photo_2020-06-12_16-38-33-819x1024.jpg\" alt=\"\" class=\"wp-image-271\" srcset=\"https:\/\/charlyblog.de\/wp-content\/uploads\/2020\/08\/photo_2020-06-12_16-38-33-819x1024.jpg 819w, https:\/\/charlyblog.de\/wp-content\/uploads\/2020\/08\/photo_2020-06-12_16-38-33-240x300.jpg 240w, https:\/\/charlyblog.de\/wp-content\/uploads\/2020\/08\/photo_2020-06-12_16-38-33-768x960.jpg 768w, https:\/\/charlyblog.de\/wp-content\/uploads\/2020\/08\/photo_2020-06-12_16-38-33-508x635.jpg 508w, https:\/\/charlyblog.de\/wp-content\/uploads\/2020\/08\/photo_2020-06-12_16-38-33.jpg 1024w\" sizes=\"auto, (max-width: 819px) 100vw, 819px\" \/><figcaption>2019<\/figcaption><\/figure>\n<\/figure>\n\n\n\n<p>Hier die beiden Bilder stammen einmal aus dem Jahr 2018 (links) und 2019 (rechts) Das von 2018 war sozusagen mein &#8222;Durchbruch&#8220; auf Instagram, ich bekam soviel positives Feedback und so habe ich immer mehr Bilder gemacht. Man muss echt sagen, dass man sich auch vor der Kamera wohl f\u00fchlen muss. Ich habe auch Tage, an denen ich nicht die Laune daf\u00fcr habe, mich frei vor der Kamera zu bewegen und die Ausstrahlung daf\u00fcr zu haben. <\/p>\n\n\n\n<figure class=\"wp-block-gallery has-nested-images columns-default is-cropped wp-block-gallery-3 is-layout-flex wp-block-gallery-is-layout-flex\">\n<figure class=\"wp-block-image size-large\"><img loading=\"lazy\" decoding=\"async\" width=\"768\" height=\"1024\" data-id=\"272\" src=\"https:\/\/charlyblog.de\/wp-content\/uploads\/2020\/08\/photo_2020-06-29_13-51-21-768x1024.jpg\" alt=\"\" class=\"wp-image-272\" srcset=\"https:\/\/charlyblog.de\/wp-content\/uploads\/2020\/08\/photo_2020-06-29_13-51-21-768x1024.jpg 768w, https:\/\/charlyblog.de\/wp-content\/uploads\/2020\/08\/photo_2020-06-29_13-51-21-225x300.jpg 225w, https:\/\/charlyblog.de\/wp-content\/uploads\/2020\/08\/photo_2020-06-29_13-51-21-508x677.jpg 508w, https:\/\/charlyblog.de\/wp-content\/uploads\/2020\/08\/photo_2020-06-29_13-51-21.jpg 960w\" sizes=\"auto, (max-width: 768px) 100vw, 768px\" \/><figcaption>2020<\/figcaption><\/figure>\n\n\n\n<figure class=\"wp-block-image size-large\"><img loading=\"lazy\" decoding=\"async\" width=\"903\" height=\"1024\" data-id=\"273\" src=\"https:\/\/charlyblog.de\/wp-content\/uploads\/2020\/08\/photo_2020-08-25_19-39-04-903x1024.jpg\" alt=\"\" class=\"wp-image-273\" srcset=\"https:\/\/charlyblog.de\/wp-content\/uploads\/2020\/08\/photo_2020-08-25_19-39-04-903x1024.jpg 903w, https:\/\/charlyblog.de\/wp-content\/uploads\/2020\/08\/photo_2020-08-25_19-39-04-265x300.jpg 265w, https:\/\/charlyblog.de\/wp-content\/uploads\/2020\/08\/photo_2020-08-25_19-39-04-768x871.jpg 768w, https:\/\/charlyblog.de\/wp-content\/uploads\/2020\/08\/photo_2020-08-25_19-39-04-508x576.jpg 508w, https:\/\/charlyblog.de\/wp-content\/uploads\/2020\/08\/photo_2020-08-25_19-39-04.jpg 1129w\" sizes=\"auto, (max-width: 903px) 100vw, 903px\" \/><figcaption>2019<\/figcaption><\/figure>\n<figcaption class=\"blocks-gallery-caption\">Z\u00f6pfe und Selfies (links 2020 und rechts 2019)<br><\/figcaption><\/figure>\n\n\n\n<p>Nur einfache Selfie sind manchmal langweilig und somit kann man auch dort der Kreativit\u00e4t freien Lauf lassen. Perspektive, Hintergrund und Spielereien mit den z.B. Z\u00f6pfen sind eine lustige Idee. <\/p>\n\n\n\n<p>Das linke Bild war super spontan und ist w\u00e4hrend eines Videocalls entstanden. Das rechte ist so ein typisches Selfie beim Gassi gehen mit Lizzy.<\/p>\n\n\n\n<figure class=\"wp-block-gallery has-nested-images columns-default is-cropped wp-block-gallery-4 is-layout-flex wp-block-gallery-is-layout-flex\">\n<figure class=\"wp-block-image size-large\"><img loading=\"lazy\" decoding=\"async\" width=\"819\" height=\"1024\" data-id=\"274\" src=\"https:\/\/charlyblog.de\/wp-content\/uploads\/2020\/08\/IMG_20190322_110028_511-819x1024.jpg\" alt=\"\" class=\"wp-image-274\" srcset=\"https:\/\/charlyblog.de\/wp-content\/uploads\/2020\/08\/IMG_20190322_110028_511-819x1024.jpg 819w, https:\/\/charlyblog.de\/wp-content\/uploads\/2020\/08\/IMG_20190322_110028_511-240x300.jpg 240w, https:\/\/charlyblog.de\/wp-content\/uploads\/2020\/08\/IMG_20190322_110028_511-768x960.jpg 768w, https:\/\/charlyblog.de\/wp-content\/uploads\/2020\/08\/IMG_20190322_110028_511-1229x1536.jpg 1229w, https:\/\/charlyblog.de\/wp-content\/uploads\/2020\/08\/IMG_20190322_110028_511-1638x2048.jpg 1638w, https:\/\/charlyblog.de\/wp-content\/uploads\/2020\/08\/IMG_20190322_110028_511-1240x1550.jpg 1240w, https:\/\/charlyblog.de\/wp-content\/uploads\/2020\/08\/IMG_20190322_110028_511-508x635.jpg 508w, https:\/\/charlyblog.de\/wp-content\/uploads\/2020\/08\/IMG_20190322_110028_511-scaled.jpg 2048w\" sizes=\"auto, (max-width: 819px) 100vw, 819px\" \/><figcaption>2019<\/figcaption><\/figure>\n\n\n\n<figure class=\"wp-block-image size-large\"><img loading=\"lazy\" decoding=\"async\" width=\"1024\" height=\"1024\" data-id=\"275\" src=\"https:\/\/charlyblog.de\/wp-content\/uploads\/2020\/08\/IMG_20190419_123503_376-1024x1024.jpg\" alt=\"\" class=\"wp-image-275\" srcset=\"https:\/\/charlyblog.de\/wp-content\/uploads\/2020\/08\/IMG_20190419_123503_376-1024x1024.jpg 1024w, https:\/\/charlyblog.de\/wp-content\/uploads\/2020\/08\/IMG_20190419_123503_376-300x300.jpg 300w, https:\/\/charlyblog.de\/wp-content\/uploads\/2020\/08\/IMG_20190419_123503_376-150x150.jpg 150w, https:\/\/charlyblog.de\/wp-content\/uploads\/2020\/08\/IMG_20190419_123503_376-768x768.jpg 768w, https:\/\/charlyblog.de\/wp-content\/uploads\/2020\/08\/IMG_20190419_123503_376-1536x1536.jpg 1536w, https:\/\/charlyblog.de\/wp-content\/uploads\/2020\/08\/IMG_20190419_123503_376-2048x2048.jpg 2048w, https:\/\/charlyblog.de\/wp-content\/uploads\/2020\/08\/IMG_20190419_123503_376-1240x1240.jpg 1240w, https:\/\/charlyblog.de\/wp-content\/uploads\/2020\/08\/IMG_20190419_123503_376-508x508.jpg 508w\" sizes=\"auto, (max-width: 1024px) 100vw, 1024px\" \/><figcaption>2019<\/figcaption><\/figure>\n\n\n\n<figure class=\"wp-block-image size-large\"><img loading=\"lazy\" decoding=\"async\" width=\"768\" height=\"1024\" data-id=\"277\" src=\"https:\/\/charlyblog.de\/wp-content\/uploads\/2020\/08\/IMG_20200719_210320-01-768x1024.jpeg\" alt=\"\" class=\"wp-image-277\" srcset=\"https:\/\/charlyblog.de\/wp-content\/uploads\/2020\/08\/IMG_20200719_210320-01-768x1024.jpeg 768w, https:\/\/charlyblog.de\/wp-content\/uploads\/2020\/08\/IMG_20200719_210320-01-225x300.jpeg 225w, https:\/\/charlyblog.de\/wp-content\/uploads\/2020\/08\/IMG_20200719_210320-01-1152x1536.jpeg 1152w, https:\/\/charlyblog.de\/wp-content\/uploads\/2020\/08\/IMG_20200719_210320-01-1536x2048.jpeg 1536w, https:\/\/charlyblog.de\/wp-content\/uploads\/2020\/08\/IMG_20200719_210320-01-1240x1653.jpeg 1240w, https:\/\/charlyblog.de\/wp-content\/uploads\/2020\/08\/IMG_20200719_210320-01-508x677.jpeg 508w, https:\/\/charlyblog.de\/wp-content\/uploads\/2020\/08\/IMG_20200719_210320-01-scaled.jpeg 1920w\" sizes=\"auto, (max-width: 768px) 100vw, 768px\" \/><figcaption>2020<\/figcaption><\/figure>\n\n\n\n<figure class=\"wp-block-image size-large\"><img loading=\"lazy\" decoding=\"async\" width=\"1024\" height=\"768\" data-id=\"276\" src=\"https:\/\/charlyblog.de\/wp-content\/uploads\/2020\/08\/IMG_20200719_204950-01-n-1024x768.jpeg\" alt=\"\" class=\"wp-image-276\" srcset=\"https:\/\/charlyblog.de\/wp-content\/uploads\/2020\/08\/IMG_20200719_204950-01-n-1024x768.jpeg 1024w, https:\/\/charlyblog.de\/wp-content\/uploads\/2020\/08\/IMG_20200719_204950-01-n-300x225.jpeg 300w, https:\/\/charlyblog.de\/wp-content\/uploads\/2020\/08\/IMG_20200719_204950-01-n-768x576.jpeg 768w, https:\/\/charlyblog.de\/wp-content\/uploads\/2020\/08\/IMG_20200719_204950-01-n-1536x1152.jpeg 1536w, https:\/\/charlyblog.de\/wp-content\/uploads\/2020\/08\/IMG_20200719_204950-01-n-2048x1536.jpeg 2048w, https:\/\/charlyblog.de\/wp-content\/uploads\/2020\/08\/IMG_20200719_204950-01-n-1240x930.jpeg 1240w, https:\/\/charlyblog.de\/wp-content\/uploads\/2020\/08\/IMG_20200719_204950-01-n-508x381.jpeg 508w\" sizes=\"auto, (max-width: 1024px) 100vw, 1024px\" \/><figcaption>2020<\/figcaption><\/figure>\n<\/figure>\n\n\n\n<p>Wenn wir schon beim Zusammenspiel mit Lizzy sind, das ist nicht immer einfach, eigentlich sogar drei Dinge in den Einklang zu bringen. N\u00e4mlich Lizzy unter Kontrolle bringen, die richtige Perspektive der Kamera, im richtigen Moment abdr\u00fccken und selber gut aussehen. Ups, das sind sogar vier Dinge.<\/p>\n\n\n\n<p>Modelkarriere ist an den Haken geh\u00e4ngt, bevor sie wirklich losgegangen ist, weil die Kamera nur das Oberfl\u00e4chliche ablichten kann. Okay, ich gebe zu, dass wirkliche Fotographen es schaffen auch die richtige Atmosph\u00e4re zu schaffen, den oder die Protagonist*innen richtig abzulichten, sodass der Betrachter denkt, dass er auch das Innere dieser Person sehen kann. Diese Fotographen sind wahre K\u00fcnstler und k\u00f6nnen es mit jedem oder jeder schaffen. F\u00fcr Hobbyfotographen wie mich bedarf es einem Model, was eine Ausstrahlung hat. Meine Mutter z.B. hat eine positive Ausstrahlung durch ihr L\u00e4cheln und einfach von Natur aus. Trotz alle dem dreht sich in dem Modelbusiness alles um Oberfl\u00e4chlichkeiten und von sowas will ich mein Leben nicht abh\u00e4ngig machen. <\/p>\n\n\n\n\n\n<p>Meine Mutter sagt immer: &#8222;Lebenslanges Lernen&#8220; und so ist das auch, ich habe erst vor kurzem viel zum Thema Fotografie gelernt.<\/p>\n\n\n\n<p>Z.B. zum Thema &#8222;Makrofotografie&#8220; sehr spannen, entspannend und wie mein &#8222;Lehrmeister&#8220; so gerne sagt: &#8222;witzig&#8220;. Alles beginnt mit der Suche nach den Fotomotiven. MAn lernt aufmerksamer seine Umwelt wahrzunehmen und jedes noch so kleine Detail, sonst w\u00fcrde es ja auch nicht MAKROfotografie hei\u00dfen. Erst dachte ich mir, dass an dem Tag alle Insekten und andere Athropoden sich in ihren L\u00f6chern verkrochen h\u00e4tten. Aber wir haben doch einen kleinen K\u00e4fer gefunden (siehe Foto). So konnte ich erste Erfahrungen mit einem Makroobjektiv sammeln, es ist gar nicht so einfach mit der Kamera das Motiv wiederzufinden, den richtigen Bereich, meist sind das die Augen, scharf zu bekommen und dann auch noch eine gute Belichtung mit dem Blitz zu erhalten. Eine richtige Herausforderung, aber es hat Spa\u00df gemacht. Anschlie\u00dfend habe ich noch eine kleine Einf\u00fchrung zur Bildbearbeitung erhalten. Ich muss wirklich sagen, dass die Suche nach den Motiven sehr entspannend war, ich hatte anschlie\u00dfend einen Kurs in der Uni und hatte dort ein Kolloquium, eigentlich war ich aufgeregt vor dem Kolloquium, aber nach dem Vormittag war ich so tiefenentspannt. <\/p>\n\n\n\n<figure class=\"wp-block-image size-large\"><img loading=\"lazy\" decoding=\"async\" width=\"684\" height=\"1024\" src=\"https:\/\/charlyblog.de\/wp-content\/uploads\/2022\/05\/Ka\u0308fer-684x1024.jpg\" alt=\"\" class=\"wp-image-665\" srcset=\"https:\/\/charlyblog.de\/wp-content\/uploads\/2022\/05\/Ka\u0308fer-684x1024.jpg 684w, https:\/\/charlyblog.de\/wp-content\/uploads\/2022\/05\/Ka\u0308fer-200x300.jpg 200w, https:\/\/charlyblog.de\/wp-content\/uploads\/2022\/05\/Ka\u0308fer-768x1150.jpg 768w, https:\/\/charlyblog.de\/wp-content\/uploads\/2022\/05\/Ka\u0308fer-1026x1536.jpg 1026w, https:\/\/charlyblog.de\/wp-content\/uploads\/2022\/05\/Ka\u0308fer-1368x2048.jpg 1368w, https:\/\/charlyblog.de\/wp-content\/uploads\/2022\/05\/Ka\u0308fer-1240x1856.jpg 1240w, https:\/\/charlyblog.de\/wp-content\/uploads\/2022\/05\/Ka\u0308fer-508x760.jpg 508w, https:\/\/charlyblog.de\/wp-content\/uploads\/2022\/05\/Ka\u0308fer-scaled.jpg 1710w\" sizes=\"auto, (max-width: 684px) 100vw, 684px\" \/><figcaption>Der kleine K\u00e4fer, hat sich sehr gut als Modell gemacht, k\u00f6nnte glatt bei Germanys next Beatle Model mitmachen. (2022)<\/figcaption><\/figure>\n","protected":false},"excerpt":{"rendered":"<p>Hallo Du, Jedes M\u00e4dchen tr\u00e4umt doch davon ein Model zu werden, deshalb ist GNTM auch so eine beliebte Sendung. Jeder schaut es doch heimlich, auch wenn es verrufen ist. Ich hatte fr\u00fcher \u00fcberhaut nicht diesen Traum, weil ich mich selber f\u00fcr unfotogen gehalten habe und lieber hinter als vor der Kamera stand. Jetzt stehe ich [&hellip;]<\/p>\n","protected":false},"author":2,"featured_media":0,"parent":574,"menu_order":2,"comment_status":"closed","ping_status":"closed","template":"","meta":{"footnotes":""},"class_list":["post-104","page","type-page","status-publish","hentry"],"_links":{"self":[{"href":"https:\/\/charlyblog.de\/index.php\/wp-json\/wp\/v2\/pages\/104","targetHints":{"allow":["GET"]}}],"collection":[{"href":"https:\/\/charlyblog.de\/index.php\/wp-json\/wp\/v2\/pages"}],"about":[{"href":"https:\/\/charlyblog.de\/index.php\/wp-json\/wp\/v2\/types\/page"}],"author":[{"embeddable":true,"href":"https:\/\/charlyblog.de\/index.php\/wp-json\/wp\/v2\/users\/2"}],"replies":[{"embeddable":true,"href":"https:\/\/charlyblog.de\/index.php\/wp-json\/wp\/v2\/comments?post=104"}],"version-history":[{"count":12,"href":"https:\/\/charlyblog.de\/index.php\/wp-json\/wp\/v2\/pages\/104\/revisions"}],"predecessor-version":[{"id":666,"href":"https:\/\/charlyblog.de\/index.php\/wp-json\/wp\/v2\/pages\/104\/revisions\/666"}],"up":[{"embeddable":true,"href":"https:\/\/charlyblog.de\/index.php\/wp-json\/wp\/v2\/pages\/574"}],"wp:attachment":[{"href":"https:\/\/charlyblog.de\/index.php\/wp-json\/wp\/v2\/media?parent=104"}],"curies":[{"name":"wp","href":"https:\/\/api.w.org\/{rel}","templated":true}]}}