{"id":100,"date":"2020-02-23T19:23:54","date_gmt":"2020-02-23T18:23:54","guid":{"rendered":"https:\/\/charlyblog.de\/?page_id=100"},"modified":"2024-05-13T11:43:34","modified_gmt":"2024-05-13T10:43:34","slug":"lizzy","status":"publish","type":"page","link":"https:\/\/charlyblog.de\/index.php\/fotographie\/lizzy\/","title":{"rendered":"Lizzy"},"content":{"rendered":"\n<figure class=\"wp-block-image size-large is-resized\"><img loading=\"lazy\" decoding=\"async\" width=\"1024\" height=\"682\" src=\"https:\/\/charlyblog.de\/wp-content\/uploads\/2020\/02\/IMG_20200226_184121_376-1024x682.jpg\" alt=\"\" class=\"wp-image-106\" style=\"width:508px;height:337px\" srcset=\"https:\/\/charlyblog.de\/wp-content\/uploads\/2020\/02\/IMG_20200226_184121_376-1024x682.jpg 1024w, https:\/\/charlyblog.de\/wp-content\/uploads\/2020\/02\/IMG_20200226_184121_376-300x200.jpg 300w, https:\/\/charlyblog.de\/wp-content\/uploads\/2020\/02\/IMG_20200226_184121_376-768x512.jpg 768w, https:\/\/charlyblog.de\/wp-content\/uploads\/2020\/02\/IMG_20200226_184121_376-1240x826.jpg 1240w, https:\/\/charlyblog.de\/wp-content\/uploads\/2020\/02\/IMG_20200226_184121_376-508x339.jpg 508w, https:\/\/charlyblog.de\/wp-content\/uploads\/2020\/02\/IMG_20200226_184121_376.jpg 1280w\" sizes=\"auto, (max-width: 1024px) 100vw, 1024px\" \/><figcaption class=\"wp-element-caption\">Leider ist Lizzy am 28.04.2023 von uns gegangen. Sie wurde fast 13 Jahre alt. <br>Hi, <br>ich bin Lizzy. Ich bin ein K\u00f6nigspudel und eine Seniorin. Aber auch im Alter kann man noch Topmodel werden, n\u00e4mlich ein Best-Ager. Ich bekomme hier den Bereich auf  Charly Blog, weil ich schon seit Charly 9 Jahre alt ist, sie treu begleite und einen wichtiger Teil ihres Lebens darstelle.<br>Also freut euch auf noch mehr Beitr\u00e4ge von mir.<br>LG Lizzy<\/figcaption><\/figure>\n\n\n\n<p>Nachtrag: Am 28.04.2023 musste ich leider dieseWelt verlassen. Es war zwei Wochen vor meinem 13. Geburtstag, aber es ging nicht anders. Ich bin dankbar f\u00fcr die Jahre, die ich mit meiner Familie verbringen konnte. Es waren sch\u00f6ne Jahre und eine lange Zeit f\u00fcr einen Hund. Ich werde hier auf der Seite weiter existieren, so wie ich es im Herzen meiner Menschen tue. Diese Seite wird immer an mich erinnern. <br>unendlich treue Liebe Lizzy &lt;3 <\/p>\n\n\n\n<figure class=\"wp-block-gallery has-nested-images columns-default is-cropped wp-block-gallery-1 is-layout-flex wp-block-gallery-is-layout-flex\">\n<figure class=\"wp-block-image size-large\"><img loading=\"lazy\" decoding=\"async\" width=\"1024\" height=\"1024\" data-id=\"489\" src=\"https:\/\/charlyblog.de\/wp-content\/uploads\/2021\/03\/photo_2020-08-31_09-04-47-1024x1024.jpg\" alt=\"\" class=\"wp-image-489\" srcset=\"https:\/\/charlyblog.de\/wp-content\/uploads\/2021\/03\/photo_2020-08-31_09-04-47-1024x1024.jpg 1024w, https:\/\/charlyblog.de\/wp-content\/uploads\/2021\/03\/photo_2020-08-31_09-04-47-300x300.jpg 300w, https:\/\/charlyblog.de\/wp-content\/uploads\/2021\/03\/photo_2020-08-31_09-04-47-150x150.jpg 150w, https:\/\/charlyblog.de\/wp-content\/uploads\/2021\/03\/photo_2020-08-31_09-04-47-768x768.jpg 768w, https:\/\/charlyblog.de\/wp-content\/uploads\/2021\/03\/photo_2020-08-31_09-04-47-1240x1240.jpg 1240w, https:\/\/charlyblog.de\/wp-content\/uploads\/2021\/03\/photo_2020-08-31_09-04-47-508x508.jpg 508w, https:\/\/charlyblog.de\/wp-content\/uploads\/2021\/03\/photo_2020-08-31_09-04-47.jpg 1280w\" sizes=\"auto, (max-width: 1024px) 100vw, 1024px\" \/><\/figure>\n\n\n\n<figure class=\"wp-block-image size-large\"><img loading=\"lazy\" decoding=\"async\" width=\"1024\" height=\"929\" data-id=\"490\" src=\"https:\/\/charlyblog.de\/wp-content\/uploads\/2021\/03\/photo_2020-08-26_10-08-08-1024x929.jpg\" alt=\"\" class=\"wp-image-490\" srcset=\"https:\/\/charlyblog.de\/wp-content\/uploads\/2021\/03\/photo_2020-08-26_10-08-08-1024x929.jpg 1024w, https:\/\/charlyblog.de\/wp-content\/uploads\/2021\/03\/photo_2020-08-26_10-08-08-300x272.jpg 300w, https:\/\/charlyblog.de\/wp-content\/uploads\/2021\/03\/photo_2020-08-26_10-08-08-768x697.jpg 768w, https:\/\/charlyblog.de\/wp-content\/uploads\/2021\/03\/photo_2020-08-26_10-08-08-1240x1125.jpg 1240w, https:\/\/charlyblog.de\/wp-content\/uploads\/2021\/03\/photo_2020-08-26_10-08-08-508x461.jpg 508w, https:\/\/charlyblog.de\/wp-content\/uploads\/2021\/03\/photo_2020-08-26_10-08-08.jpg 1280w\" sizes=\"auto, (max-width: 1024px) 100vw, 1024px\" \/><\/figure>\n\n\n\n<figure class=\"wp-block-image size-large\"><img loading=\"lazy\" decoding=\"async\" width=\"1024\" height=\"1024\" data-id=\"491\" src=\"https:\/\/charlyblog.de\/wp-content\/uploads\/2021\/03\/photo_2020-08-26_10-55-48-1024x1024.jpg\" alt=\"\" class=\"wp-image-491\" srcset=\"https:\/\/charlyblog.de\/wp-content\/uploads\/2021\/03\/photo_2020-08-26_10-55-48-1024x1024.jpg 1024w, https:\/\/charlyblog.de\/wp-content\/uploads\/2021\/03\/photo_2020-08-26_10-55-48-300x300.jpg 300w, https:\/\/charlyblog.de\/wp-content\/uploads\/2021\/03\/photo_2020-08-26_10-55-48-150x150.jpg 150w, https:\/\/charlyblog.de\/wp-content\/uploads\/2021\/03\/photo_2020-08-26_10-55-48-768x768.jpg 768w, https:\/\/charlyblog.de\/wp-content\/uploads\/2021\/03\/photo_2020-08-26_10-55-48-1240x1240.jpg 1240w, https:\/\/charlyblog.de\/wp-content\/uploads\/2021\/03\/photo_2020-08-26_10-55-48-508x508.jpg 508w, https:\/\/charlyblog.de\/wp-content\/uploads\/2021\/03\/photo_2020-08-26_10-55-48.jpg 1280w\" sizes=\"auto, (max-width: 1024px) 100vw, 1024px\" \/><\/figure>\n\n\n\n<figure class=\"wp-block-image size-large\"><img loading=\"lazy\" decoding=\"async\" width=\"1024\" height=\"1024\" data-id=\"492\" src=\"https:\/\/charlyblog.de\/wp-content\/uploads\/2021\/03\/photo_2020-08-26_10-43-38-1024x1024.jpg\" alt=\"\" class=\"wp-image-492\" srcset=\"https:\/\/charlyblog.de\/wp-content\/uploads\/2021\/03\/photo_2020-08-26_10-43-38-1024x1024.jpg 1024w, https:\/\/charlyblog.de\/wp-content\/uploads\/2021\/03\/photo_2020-08-26_10-43-38-300x300.jpg 300w, https:\/\/charlyblog.de\/wp-content\/uploads\/2021\/03\/photo_2020-08-26_10-43-38-150x150.jpg 150w, https:\/\/charlyblog.de\/wp-content\/uploads\/2021\/03\/photo_2020-08-26_10-43-38-768x768.jpg 768w, https:\/\/charlyblog.de\/wp-content\/uploads\/2021\/03\/photo_2020-08-26_10-43-38-1240x1240.jpg 1240w, https:\/\/charlyblog.de\/wp-content\/uploads\/2021\/03\/photo_2020-08-26_10-43-38-508x508.jpg 508w, https:\/\/charlyblog.de\/wp-content\/uploads\/2021\/03\/photo_2020-08-26_10-43-38.jpg 1280w\" sizes=\"auto, (max-width: 1024px) 100vw, 1024px\" \/><\/figure>\n\n\n\n<figure class=\"wp-block-image size-large\"><img loading=\"lazy\" decoding=\"async\" width=\"1024\" height=\"1024\" data-id=\"493\" src=\"https:\/\/charlyblog.de\/wp-content\/uploads\/2021\/03\/photo_2020-08-25_17-03-58-1024x1024.jpg\" alt=\"\" class=\"wp-image-493\" srcset=\"https:\/\/charlyblog.de\/wp-content\/uploads\/2021\/03\/photo_2020-08-25_17-03-58-1024x1024.jpg 1024w, https:\/\/charlyblog.de\/wp-content\/uploads\/2021\/03\/photo_2020-08-25_17-03-58-300x300.jpg 300w, https:\/\/charlyblog.de\/wp-content\/uploads\/2021\/03\/photo_2020-08-25_17-03-58-150x150.jpg 150w, https:\/\/charlyblog.de\/wp-content\/uploads\/2021\/03\/photo_2020-08-25_17-03-58-768x768.jpg 768w, https:\/\/charlyblog.de\/wp-content\/uploads\/2021\/03\/photo_2020-08-25_17-03-58-1240x1240.jpg 1240w, https:\/\/charlyblog.de\/wp-content\/uploads\/2021\/03\/photo_2020-08-25_17-03-58-508x508.jpg 508w, https:\/\/charlyblog.de\/wp-content\/uploads\/2021\/03\/photo_2020-08-25_17-03-58.jpg 1280w\" sizes=\"auto, (max-width: 1024px) 100vw, 1024px\" \/><\/figure>\n\n\n\n<figure class=\"wp-block-image size-large\"><img loading=\"lazy\" decoding=\"async\" width=\"1024\" height=\"1024\" data-id=\"494\" src=\"https:\/\/charlyblog.de\/wp-content\/uploads\/2021\/03\/IMG_20200616_134813_032-1024x1024.jpg\" alt=\"\" class=\"wp-image-494\" srcset=\"https:\/\/charlyblog.de\/wp-content\/uploads\/2021\/03\/IMG_20200616_134813_032-1024x1024.jpg 1024w, https:\/\/charlyblog.de\/wp-content\/uploads\/2021\/03\/IMG_20200616_134813_032-300x300.jpg 300w, https:\/\/charlyblog.de\/wp-content\/uploads\/2021\/03\/IMG_20200616_134813_032-150x150.jpg 150w, https:\/\/charlyblog.de\/wp-content\/uploads\/2021\/03\/IMG_20200616_134813_032-768x768.jpg 768w, https:\/\/charlyblog.de\/wp-content\/uploads\/2021\/03\/IMG_20200616_134813_032-508x508.jpg 508w, https:\/\/charlyblog.de\/wp-content\/uploads\/2021\/03\/IMG_20200616_134813_032.jpg 1080w\" sizes=\"auto, (max-width: 1024px) 100vw, 1024px\" \/><\/figure>\n\n\n\n<figure class=\"wp-block-image size-large\"><img loading=\"lazy\" decoding=\"async\" width=\"1024\" height=\"1024\" data-id=\"495\" src=\"https:\/\/charlyblog.de\/wp-content\/uploads\/2021\/03\/IMG_20200531_185858_545-1024x1024.jpg\" alt=\"\" class=\"wp-image-495\" srcset=\"https:\/\/charlyblog.de\/wp-content\/uploads\/2021\/03\/IMG_20200531_185858_545-1024x1024.jpg 1024w, https:\/\/charlyblog.de\/wp-content\/uploads\/2021\/03\/IMG_20200531_185858_545-300x300.jpg 300w, https:\/\/charlyblog.de\/wp-content\/uploads\/2021\/03\/IMG_20200531_185858_545-150x150.jpg 150w, https:\/\/charlyblog.de\/wp-content\/uploads\/2021\/03\/IMG_20200531_185858_545-768x768.jpg 768w, https:\/\/charlyblog.de\/wp-content\/uploads\/2021\/03\/IMG_20200531_185858_545-508x508.jpg 508w, https:\/\/charlyblog.de\/wp-content\/uploads\/2021\/03\/IMG_20200531_185858_545.jpg 1080w\" sizes=\"auto, (max-width: 1024px) 100vw, 1024px\" \/><\/figure>\n\n\n\n<figure class=\"wp-block-image size-large\"><img loading=\"lazy\" decoding=\"async\" width=\"1024\" height=\"1024\" data-id=\"496\" src=\"https:\/\/charlyblog.de\/wp-content\/uploads\/2021\/03\/IMG_20200604_095218_533-1024x1024.jpg\" alt=\"\" class=\"wp-image-496\" srcset=\"https:\/\/charlyblog.de\/wp-content\/uploads\/2021\/03\/IMG_20200604_095218_533-1024x1024.jpg 1024w, https:\/\/charlyblog.de\/wp-content\/uploads\/2021\/03\/IMG_20200604_095218_533-300x300.jpg 300w, https:\/\/charlyblog.de\/wp-content\/uploads\/2021\/03\/IMG_20200604_095218_533-150x150.jpg 150w, https:\/\/charlyblog.de\/wp-content\/uploads\/2021\/03\/IMG_20200604_095218_533-768x768.jpg 768w, https:\/\/charlyblog.de\/wp-content\/uploads\/2021\/03\/IMG_20200604_095218_533-508x508.jpg 508w, https:\/\/charlyblog.de\/wp-content\/uploads\/2021\/03\/IMG_20200604_095218_533.jpg 1080w\" sizes=\"auto, (max-width: 1024px) 100vw, 1024px\" \/><\/figure>\n\n\n\n<figure class=\"wp-block-image size-large\"><img loading=\"lazy\" decoding=\"async\" width=\"819\" height=\"1024\" data-id=\"497\" src=\"https:\/\/charlyblog.de\/wp-content\/uploads\/2021\/03\/IMG_20200606_092801_341-819x1024.jpg\" alt=\"\" class=\"wp-image-497\" srcset=\"https:\/\/charlyblog.de\/wp-content\/uploads\/2021\/03\/IMG_20200606_092801_341-819x1024.jpg 819w, https:\/\/charlyblog.de\/wp-content\/uploads\/2021\/03\/IMG_20200606_092801_341-240x300.jpg 240w, https:\/\/charlyblog.de\/wp-content\/uploads\/2021\/03\/IMG_20200606_092801_341-768x960.jpg 768w, https:\/\/charlyblog.de\/wp-content\/uploads\/2021\/03\/IMG_20200606_092801_341-508x635.jpg 508w, https:\/\/charlyblog.de\/wp-content\/uploads\/2021\/03\/IMG_20200606_092801_341.jpg 1080w\" sizes=\"auto, (max-width: 819px) 100vw, 819px\" \/><\/figure>\n\n\n\n<figure class=\"wp-block-image size-large\"><img loading=\"lazy\" decoding=\"async\" width=\"1024\" height=\"1024\" data-id=\"498\" src=\"https:\/\/charlyblog.de\/wp-content\/uploads\/2021\/03\/IMG_20200602_192348_090-1024x1024.jpg\" alt=\"\" class=\"wp-image-498\" srcset=\"https:\/\/charlyblog.de\/wp-content\/uploads\/2021\/03\/IMG_20200602_192348_090-1024x1024.jpg 1024w, https:\/\/charlyblog.de\/wp-content\/uploads\/2021\/03\/IMG_20200602_192348_090-300x300.jpg 300w, https:\/\/charlyblog.de\/wp-content\/uploads\/2021\/03\/IMG_20200602_192348_090-150x150.jpg 150w, https:\/\/charlyblog.de\/wp-content\/uploads\/2021\/03\/IMG_20200602_192348_090-768x768.jpg 768w, https:\/\/charlyblog.de\/wp-content\/uploads\/2021\/03\/IMG_20200602_192348_090-508x508.jpg 508w, https:\/\/charlyblog.de\/wp-content\/uploads\/2021\/03\/IMG_20200602_192348_090.jpg 1080w\" sizes=\"auto, (max-width: 1024px) 100vw, 1024px\" \/><\/figure>\n\n\n\n<figure class=\"wp-block-image size-large\"><img loading=\"lazy\" decoding=\"async\" width=\"1024\" height=\"1024\" data-id=\"499\" src=\"https:\/\/charlyblog.de\/wp-content\/uploads\/2021\/03\/IMG_20200611_203651_484-1024x1024.jpg\" alt=\"\" class=\"wp-image-499\" srcset=\"https:\/\/charlyblog.de\/wp-content\/uploads\/2021\/03\/IMG_20200611_203651_484-1024x1024.jpg 1024w, https:\/\/charlyblog.de\/wp-content\/uploads\/2021\/03\/IMG_20200611_203651_484-300x300.jpg 300w, https:\/\/charlyblog.de\/wp-content\/uploads\/2021\/03\/IMG_20200611_203651_484-150x150.jpg 150w, https:\/\/charlyblog.de\/wp-content\/uploads\/2021\/03\/IMG_20200611_203651_484-768x768.jpg 768w, https:\/\/charlyblog.de\/wp-content\/uploads\/2021\/03\/IMG_20200611_203651_484-1536x1536.jpg 1536w, https:\/\/charlyblog.de\/wp-content\/uploads\/2021\/03\/IMG_20200611_203651_484-2048x2048.jpg 2048w, https:\/\/charlyblog.de\/wp-content\/uploads\/2021\/03\/IMG_20200611_203651_484-1240x1240.jpg 1240w, https:\/\/charlyblog.de\/wp-content\/uploads\/2021\/03\/IMG_20200611_203651_484-508x508.jpg 508w\" sizes=\"auto, (max-width: 1024px) 100vw, 1024px\" \/><\/figure>\n\n\n\n<figure class=\"wp-block-image size-large\"><img loading=\"lazy\" decoding=\"async\" width=\"1024\" height=\"1024\" data-id=\"502\" src=\"https:\/\/charlyblog.de\/wp-content\/uploads\/2021\/03\/IMG_20200523_203550_705-1024x1024.jpg\" alt=\"\" class=\"wp-image-502\" srcset=\"https:\/\/charlyblog.de\/wp-content\/uploads\/2021\/03\/IMG_20200523_203550_705-1024x1024.jpg 1024w, https:\/\/charlyblog.de\/wp-content\/uploads\/2021\/03\/IMG_20200523_203550_705-300x300.jpg 300w, https:\/\/charlyblog.de\/wp-content\/uploads\/2021\/03\/IMG_20200523_203550_705-150x150.jpg 150w, https:\/\/charlyblog.de\/wp-content\/uploads\/2021\/03\/IMG_20200523_203550_705-768x768.jpg 768w, https:\/\/charlyblog.de\/wp-content\/uploads\/2021\/03\/IMG_20200523_203550_705-508x508.jpg 508w, https:\/\/charlyblog.de\/wp-content\/uploads\/2021\/03\/IMG_20200523_203550_705.jpg 1080w\" sizes=\"auto, (max-width: 1024px) 100vw, 1024px\" \/><\/figure>\n\n\n\n<figure class=\"wp-block-image size-large\"><img loading=\"lazy\" decoding=\"async\" width=\"1024\" height=\"1024\" data-id=\"503\" src=\"https:\/\/charlyblog.de\/wp-content\/uploads\/2021\/03\/IMG_20200515_180422_472-1024x1024.jpg\" alt=\"\" class=\"wp-image-503\" srcset=\"https:\/\/charlyblog.de\/wp-content\/uploads\/2021\/03\/IMG_20200515_180422_472-1024x1024.jpg 1024w, https:\/\/charlyblog.de\/wp-content\/uploads\/2021\/03\/IMG_20200515_180422_472-300x300.jpg 300w, https:\/\/charlyblog.de\/wp-content\/uploads\/2021\/03\/IMG_20200515_180422_472-150x150.jpg 150w, https:\/\/charlyblog.de\/wp-content\/uploads\/2021\/03\/IMG_20200515_180422_472-768x768.jpg 768w, https:\/\/charlyblog.de\/wp-content\/uploads\/2021\/03\/IMG_20200515_180422_472-508x508.jpg 508w, https:\/\/charlyblog.de\/wp-content\/uploads\/2021\/03\/IMG_20200515_180422_472.jpg 1066w\" sizes=\"auto, (max-width: 1024px) 100vw, 1024px\" \/><\/figure>\n\n\n\n<figure class=\"wp-block-image size-large\"><img loading=\"lazy\" decoding=\"async\" width=\"1024\" height=\"1024\" data-id=\"508\" src=\"https:\/\/charlyblog.de\/wp-content\/uploads\/2021\/03\/IMG_20200402_175104_725-1024x1024.jpg\" alt=\"\" class=\"wp-image-508\" srcset=\"https:\/\/charlyblog.de\/wp-content\/uploads\/2021\/03\/IMG_20200402_175104_725-1024x1024.jpg 1024w, https:\/\/charlyblog.de\/wp-content\/uploads\/2021\/03\/IMG_20200402_175104_725-300x300.jpg 300w, https:\/\/charlyblog.de\/wp-content\/uploads\/2021\/03\/IMG_20200402_175104_725-150x150.jpg 150w, https:\/\/charlyblog.de\/wp-content\/uploads\/2021\/03\/IMG_20200402_175104_725-768x768.jpg 768w, https:\/\/charlyblog.de\/wp-content\/uploads\/2021\/03\/IMG_20200402_175104_725-1536x1536.jpg 1536w, https:\/\/charlyblog.de\/wp-content\/uploads\/2021\/03\/IMG_20200402_175104_725-2048x2048.jpg 2048w, https:\/\/charlyblog.de\/wp-content\/uploads\/2021\/03\/IMG_20200402_175104_725-1240x1240.jpg 1240w, https:\/\/charlyblog.de\/wp-content\/uploads\/2021\/03\/IMG_20200402_175104_725-508x508.jpg 508w\" sizes=\"auto, (max-width: 1024px) 100vw, 1024px\" \/><\/figure>\n\n\n\n<figure class=\"wp-block-image size-large\"><img loading=\"lazy\" decoding=\"async\" width=\"893\" height=\"1024\" data-id=\"510\" src=\"https:\/\/charlyblog.de\/wp-content\/uploads\/2021\/03\/IMG_20200122_190915_965-893x1024.jpg\" alt=\"\" class=\"wp-image-510\" srcset=\"https:\/\/charlyblog.de\/wp-content\/uploads\/2021\/03\/IMG_20200122_190915_965-893x1024.jpg 893w, https:\/\/charlyblog.de\/wp-content\/uploads\/2021\/03\/IMG_20200122_190915_965-262x300.jpg 262w, https:\/\/charlyblog.de\/wp-content\/uploads\/2021\/03\/IMG_20200122_190915_965-768x881.jpg 768w, https:\/\/charlyblog.de\/wp-content\/uploads\/2021\/03\/IMG_20200122_190915_965-508x583.jpg 508w, https:\/\/charlyblog.de\/wp-content\/uploads\/2021\/03\/IMG_20200122_190915_965.jpg 1080w\" sizes=\"auto, (max-width: 893px) 100vw, 893px\" \/><\/figure>\n<\/figure>\n\n\n\n<figure class=\"wp-block-gallery has-nested-images columns-default is-cropped wp-block-gallery-2 is-layout-flex wp-block-gallery-is-layout-flex\">\n<figure class=\"wp-block-image size-large\"><img loading=\"lazy\" decoding=\"async\" width=\"1024\" height=\"1024\" data-id=\"624\" src=\"https:\/\/charlyblog.de\/wp-content\/uploads\/2021\/09\/photo_2021-09-07_17-27-02-1024x1024.jpg\" alt=\"\" class=\"wp-image-624\" srcset=\"https:\/\/charlyblog.de\/wp-content\/uploads\/2021\/09\/photo_2021-09-07_17-27-02-1024x1024.jpg 1024w, https:\/\/charlyblog.de\/wp-content\/uploads\/2021\/09\/photo_2021-09-07_17-27-02-300x300.jpg 300w, https:\/\/charlyblog.de\/wp-content\/uploads\/2021\/09\/photo_2021-09-07_17-27-02-150x150.jpg 150w, https:\/\/charlyblog.de\/wp-content\/uploads\/2021\/09\/photo_2021-09-07_17-27-02-768x768.jpg 768w, https:\/\/charlyblog.de\/wp-content\/uploads\/2021\/09\/photo_2021-09-07_17-27-02-1240x1240.jpg 1240w, https:\/\/charlyblog.de\/wp-content\/uploads\/2021\/09\/photo_2021-09-07_17-27-02-508x508.jpg 508w, https:\/\/charlyblog.de\/wp-content\/uploads\/2021\/09\/photo_2021-09-07_17-27-02.jpg 1280w\" sizes=\"auto, (max-width: 1024px) 100vw, 1024px\" \/><\/figure>\n\n\n\n<figure class=\"wp-block-image size-large\"><img loading=\"lazy\" decoding=\"async\" width=\"855\" height=\"855\" data-id=\"625\" src=\"https:\/\/charlyblog.de\/wp-content\/uploads\/2021\/09\/photo_2021-09-07_17-27-09.jpg\" alt=\"\" class=\"wp-image-625\" srcset=\"https:\/\/charlyblog.de\/wp-content\/uploads\/2021\/09\/photo_2021-09-07_17-27-09.jpg 855w, https:\/\/charlyblog.de\/wp-content\/uploads\/2021\/09\/photo_2021-09-07_17-27-09-300x300.jpg 300w, https:\/\/charlyblog.de\/wp-content\/uploads\/2021\/09\/photo_2021-09-07_17-27-09-150x150.jpg 150w, https:\/\/charlyblog.de\/wp-content\/uploads\/2021\/09\/photo_2021-09-07_17-27-09-768x768.jpg 768w, https:\/\/charlyblog.de\/wp-content\/uploads\/2021\/09\/photo_2021-09-07_17-27-09-508x508.jpg 508w\" sizes=\"auto, (max-width: 855px) 100vw, 855px\" \/><\/figure>\n\n\n\n<figure class=\"wp-block-image size-large\"><img loading=\"lazy\" decoding=\"async\" width=\"855\" height=\"855\" data-id=\"626\" src=\"https:\/\/charlyblog.de\/wp-content\/uploads\/2021\/09\/photo_2021-09-07_17-27-13.jpg\" alt=\"\" class=\"wp-image-626\" srcset=\"https:\/\/charlyblog.de\/wp-content\/uploads\/2021\/09\/photo_2021-09-07_17-27-13.jpg 855w, https:\/\/charlyblog.de\/wp-content\/uploads\/2021\/09\/photo_2021-09-07_17-27-13-300x300.jpg 300w, https:\/\/charlyblog.de\/wp-content\/uploads\/2021\/09\/photo_2021-09-07_17-27-13-150x150.jpg 150w, https:\/\/charlyblog.de\/wp-content\/uploads\/2021\/09\/photo_2021-09-07_17-27-13-768x768.jpg 768w, https:\/\/charlyblog.de\/wp-content\/uploads\/2021\/09\/photo_2021-09-07_17-27-13-508x508.jpg 508w\" sizes=\"auto, (max-width: 855px) 100vw, 855px\" \/><\/figure>\n\n\n\n<figure class=\"wp-block-image size-large\"><img loading=\"lazy\" decoding=\"async\" width=\"819\" height=\"1024\" data-id=\"627\" src=\"https:\/\/charlyblog.de\/wp-content\/uploads\/2021\/09\/photo_2021-09-07_17-27-31-819x1024.jpg\" alt=\"\" class=\"wp-image-627\" srcset=\"https:\/\/charlyblog.de\/wp-content\/uploads\/2021\/09\/photo_2021-09-07_17-27-31-819x1024.jpg 819w, https:\/\/charlyblog.de\/wp-content\/uploads\/2021\/09\/photo_2021-09-07_17-27-31-240x300.jpg 240w, https:\/\/charlyblog.de\/wp-content\/uploads\/2021\/09\/photo_2021-09-07_17-27-31-768x960.jpg 768w, https:\/\/charlyblog.de\/wp-content\/uploads\/2021\/09\/photo_2021-09-07_17-27-31-508x635.jpg 508w, https:\/\/charlyblog.de\/wp-content\/uploads\/2021\/09\/photo_2021-09-07_17-27-31.jpg 855w\" sizes=\"auto, (max-width: 819px) 100vw, 819px\" \/><\/figure>\n\n\n\n<figure class=\"wp-block-image size-large\"><img loading=\"lazy\" decoding=\"async\" width=\"819\" height=\"1024\" data-id=\"628\" src=\"https:\/\/charlyblog.de\/wp-content\/uploads\/2021\/09\/photo_2021-09-07_17-27-36-819x1024.jpg\" alt=\"\" class=\"wp-image-628\" srcset=\"https:\/\/charlyblog.de\/wp-content\/uploads\/2021\/09\/photo_2021-09-07_17-27-36-819x1024.jpg 819w, https:\/\/charlyblog.de\/wp-content\/uploads\/2021\/09\/photo_2021-09-07_17-27-36-240x300.jpg 240w, https:\/\/charlyblog.de\/wp-content\/uploads\/2021\/09\/photo_2021-09-07_17-27-36-768x960.jpg 768w, https:\/\/charlyblog.de\/wp-content\/uploads\/2021\/09\/photo_2021-09-07_17-27-36-508x635.jpg 508w, https:\/\/charlyblog.de\/wp-content\/uploads\/2021\/09\/photo_2021-09-07_17-27-36.jpg 855w\" sizes=\"auto, (max-width: 819px) 100vw, 819px\" \/><\/figure>\n\n\n\n<figure class=\"wp-block-image size-large\"><img loading=\"lazy\" decoding=\"async\" width=\"855\" height=\"855\" data-id=\"630\" src=\"https:\/\/charlyblog.de\/wp-content\/uploads\/2021\/09\/photo_2021-09-07_17-28-09.jpg\" alt=\"\" class=\"wp-image-630\" srcset=\"https:\/\/charlyblog.de\/wp-content\/uploads\/2021\/09\/photo_2021-09-07_17-28-09.jpg 855w, https:\/\/charlyblog.de\/wp-content\/uploads\/2021\/09\/photo_2021-09-07_17-28-09-300x300.jpg 300w, https:\/\/charlyblog.de\/wp-content\/uploads\/2021\/09\/photo_2021-09-07_17-28-09-150x150.jpg 150w, https:\/\/charlyblog.de\/wp-content\/uploads\/2021\/09\/photo_2021-09-07_17-28-09-768x768.jpg 768w, https:\/\/charlyblog.de\/wp-content\/uploads\/2021\/09\/photo_2021-09-07_17-28-09-508x508.jpg 508w\" sizes=\"auto, (max-width: 855px) 100vw, 855px\" \/><\/figure>\n\n\n\n<figure class=\"wp-block-image size-large\"><img loading=\"lazy\" decoding=\"async\" width=\"1024\" height=\"727\" data-id=\"629\" src=\"https:\/\/charlyblog.de\/wp-content\/uploads\/2021\/09\/photo_2021-09-07_17-28-03-1024x727.jpg\" alt=\"\" class=\"wp-image-629\" srcset=\"https:\/\/charlyblog.de\/wp-content\/uploads\/2021\/09\/photo_2021-09-07_17-28-03-1024x727.jpg 1024w, https:\/\/charlyblog.de\/wp-content\/uploads\/2021\/09\/photo_2021-09-07_17-28-03-300x213.jpg 300w, https:\/\/charlyblog.de\/wp-content\/uploads\/2021\/09\/photo_2021-09-07_17-28-03-768x545.jpg 768w, https:\/\/charlyblog.de\/wp-content\/uploads\/2021\/09\/photo_2021-09-07_17-28-03-508x361.jpg 508w, https:\/\/charlyblog.de\/wp-content\/uploads\/2021\/09\/photo_2021-09-07_17-28-03.jpg 1204w\" sizes=\"auto, (max-width: 1024px) 100vw, 1024px\" \/><\/figure>\n\n\n\n<figure class=\"wp-block-image size-large\"><img loading=\"lazy\" decoding=\"async\" width=\"970\" height=\"855\" data-id=\"631\" src=\"https:\/\/charlyblog.de\/wp-content\/uploads\/2021\/09\/photo_2021-09-07_17-28-13.jpg\" alt=\"\" class=\"wp-image-631\" srcset=\"https:\/\/charlyblog.de\/wp-content\/uploads\/2021\/09\/photo_2021-09-07_17-28-13.jpg 970w, https:\/\/charlyblog.de\/wp-content\/uploads\/2021\/09\/photo_2021-09-07_17-28-13-300x264.jpg 300w, https:\/\/charlyblog.de\/wp-content\/uploads\/2021\/09\/photo_2021-09-07_17-28-13-768x677.jpg 768w, https:\/\/charlyblog.de\/wp-content\/uploads\/2021\/09\/photo_2021-09-07_17-28-13-508x448.jpg 508w\" sizes=\"auto, (max-width: 970px) 100vw, 970px\" \/><\/figure>\n<\/figure>\n\n\n\n<figure class=\"wp-block-gallery has-nested-images columns-default is-cropped wp-block-gallery-3 is-layout-flex wp-block-gallery-is-layout-flex\"><\/figure>\n","protected":false},"excerpt":{"rendered":"<p>Nachtrag: Am 28.04.2023 musste ich leider dieseWelt verlassen. Es war zwei Wochen vor meinem 13. Geburtstag, aber es ging nicht anders. Ich bin dankbar f\u00fcr die Jahre, die ich mit meiner Familie verbringen konnte. Es waren sch\u00f6ne Jahre und eine lange Zeit f\u00fcr einen Hund. Ich werde hier auf der Seite weiter existieren, so wie [&hellip;]<\/p>\n","protected":false},"author":2,"featured_media":625,"parent":574,"menu_order":5,"comment_status":"open","ping_status":"closed","template":"","meta":{"footnotes":""},"class_list":["post-100","page","type-page","status-publish","has-post-thumbnail","hentry"],"_links":{"self":[{"href":"https:\/\/charlyblog.de\/index.php\/wp-json\/wp\/v2\/pages\/100","targetHints":{"allow":["GET"]}}],"collection":[{"href":"https:\/\/charlyblog.de\/index.php\/wp-json\/wp\/v2\/pages"}],"about":[{"href":"https:\/\/charlyblog.de\/index.php\/wp-json\/wp\/v2\/types\/page"}],"author":[{"embeddable":true,"href":"https:\/\/charlyblog.de\/index.php\/wp-json\/wp\/v2\/users\/2"}],"replies":[{"embeddable":true,"href":"https:\/\/charlyblog.de\/index.php\/wp-json\/wp\/v2\/comments?post=100"}],"version-history":[{"count":8,"href":"https:\/\/charlyblog.de\/index.php\/wp-json\/wp\/v2\/pages\/100\/revisions"}],"predecessor-version":[{"id":717,"href":"https:\/\/charlyblog.de\/index.php\/wp-json\/wp\/v2\/pages\/100\/revisions\/717"}],"up":[{"embeddable":true,"href":"https:\/\/charlyblog.de\/index.php\/wp-json\/wp\/v2\/pages\/574"}],"wp:featuredmedia":[{"embeddable":true,"href":"https:\/\/charlyblog.de\/index.php\/wp-json\/wp\/v2\/media\/625"}],"wp:attachment":[{"href":"https:\/\/charlyblog.de\/index.php\/wp-json\/wp\/v2\/media?parent=100"}],"curies":[{"name":"wp","href":"https:\/\/api.w.org\/{rel}","templated":true}]}}